{"id":8475,"date":"2022-03-19T17:28:41","date_gmt":"2022-03-19T14:28:41","guid":{"rendered":"http:\/\/www.researchturkey.org\/contact\/"},"modified":"2022-04-13T15:33:21","modified_gmt":"2022-04-13T12:33:21","slug":"contact","status":"publish","type":"page","link":"http:\/\/www.researchturkey.org\/tr\/contact\/","title":{"rendered":"\u0130leti\u015fim"},"content":{"rendered":"<div id=\"tdi_1\" class=\"tdc-zone\"><div class=\"tdc_zone tdi_2  wpb_row td-pb-row\"  >\n<style scoped>\n\n\/* custom css *\/\n.tdi_2{\r\n                    min-height: 0;\r\n                }\n<\/style><div id=\"tdi_3\" class=\"tdc-row stretch_row_1400 td-stretch-content\"><div class=\"vc_row tdi_4  wpb_row td-pb-row tdc-element-style\" >\n<style scoped>\n\n\/* custom css *\/\n.tdi_4,\r\n                .tdi_4 .tdc-columns{\r\n                    min-height: 0;\r\n                }.tdi_4,\r\n\t\t\t\t.tdi_4 .tdc-columns{\r\n\t\t\t\t    display: block;\r\n\t\t\t\t}.tdi_4 .tdc-columns{\r\n\t\t\t\t    width: 100%;\r\n\t\t\t\t}\n\/* inline tdc_css att *\/\n\n.tdi_4{\npadding-top:60px !important;\npadding-right:60px !important;\npadding-bottom:80px !important;\npadding-left:60px !important;\nposition:relative;\n}\n\n.tdi_4 .td_block_wrap{ text-align:left }\n\n\/* landscape *\/\n@media (min-width: 1019px) and (max-width: 1140px)\n{\n.tdi_4{\npadding-top:20px !important;\npadding-bottom:110px !important;\n}\n}\n\n\/* portrait *\/\n@media (min-width: 768px) and (max-width: 1018px)\n{\n.tdi_4{\npadding-top:15px !important;\npadding-bottom:100px !important;\n}\n}\n\n\/* phone *\/\n@media (max-width: 767px)\n{\n.tdi_4{\npadding-right:50px !important;\npadding-bottom:30px !important;\npadding-left:50px !important;\n}\n}\n\n<\/style>\n<div class=\"tdi_3_rand_style td-element-style\" ><style>\n.tdi_3_rand_style{\nbackground-color:#f7f7f7 !important;\n}\n <\/style><\/div><div class=\"vc_column tdi_6  wpb_column vc_column_container tdc-column td-pb-span12\">\n<style scoped>\n\n\/* custom css *\/\n.tdi_6{\r\n                    vertical-align: baseline;\r\n                }.tdi_6 > .wpb_wrapper,\r\n\t\t\t\t.tdi_6 > .wpb_wrapper > .tdc-elements{\r\n\t\t\t\t    display: block;\r\n\t\t\t\t}.tdi_6 > .wpb_wrapper > .tdc-elements{\r\n\t\t\t\t    width: 100%;\r\n\t\t\t\t}.tdi_6 > .wpb_wrapper > .vc_row_inner{\r\n\t\t\t\t    width: auto;\r\n\t\t\t\t}.tdi_6 > .wpb_wrapper{\r\n\t\t\t\t    width: auto;\r\n\t\t\t\t    height: auto;\r\n\t\t\t\t}\n<\/style><div class=\"wpb_wrapper\"><div class=\"td_block_wrap tdb_title tdi_7 tdb-page-title td-pb-border-top td_block_template_1\"  data-td-block-uid=\"tdi_7\" >\n<style>\n\/* custom css *\/\n.tdb_title{\r\n                  margin-bottom: 19px;\r\n                }.tdb_title.tdb-content-horiz-center{\r\n                  text-align: center;\r\n                }.tdb_title.tdb-content-horiz-center .tdb-title-line{\r\n                  margin: 0 auto;\r\n                }.tdb_title.tdb-content-horiz-right{\r\n                  text-align: right;\r\n                }.tdb_title.tdb-content-horiz-right .tdb-title-line{\r\n                  margin-left: auto;\r\n                  margin-right: 0;\r\n                }.tdb-title-text{\r\n                  display: inline-block;\r\n                  position: relative;\r\n                  margin: 0;\r\n                  word-wrap: break-word;\r\n                  font-size: 30px;\r\n                  line-height: 38px;\r\n                  font-weight: 700;\r\n                }.tdb-first-letter{\r\n                  position: absolute;\r\n                  -webkit-user-select: none;\r\n                  user-select: none;\r\n                  pointer-events: none;\r\n                  text-transform: uppercase;\r\n                  color: rgba(0, 0, 0, 0.08);\r\n                  font-size: 6em;\r\n                  font-weight: 300;\r\n                  top: 50%;\r\n                  -webkit-transform: translateY(-50%);\r\n                  transform: translateY(-50%);\r\n                  left: -0.36em;\r\n                  z-index: -1;\r\n                  -webkit-text-fill-color: initial;\r\n                }.tdb-title-line{\r\n                  display: none;\r\n                  position: relative;\r\n                }.tdb-title-line:after{\r\n                  content: '';\r\n                  width: 100%;\r\n                  position: absolute;\r\n                  background-color: #4db2ec;\r\n                  top: 0;\r\n                  left: 0;\r\n                  margin: auto;\r\n                }.tdi_7 .tdb-title-line:after{\r\n\t\t\t\t\theight: 2px;\r\n\t\t\t\t\r\n\t\t\t\t\tbottom: 40%;\r\n\t\t\t\t}.tdi_7 .tdb-title-line{\r\n\t\t\t\t\theight: 50px;\r\n\t\t\t\t\r\n\t\t\t\t\tmargin-left: auto;\r\n\t\t\t\t\tmargin-right: auto;\r\n\t\t\t\t}.td-theme-wrap .tdi_7{\r\n\t\t\t\t\ttext-align: center;\r\n\t\t\t\t}.tdi_7 .tdb-first-letter{\r\n\t\t\t\t\tleft: 0;\r\n\t\t\t\t\tright: 0;\r\n\t\t\t\t}.tdi_7 .tdb-title-text{\r\n\t\t\t\t\tfont-family:PT Serif !important;font-size:42px !important;\r\n\t\t\t\t}\n<\/style><div class=\"tdb-block-inner td-fix-index\"><h1 class=\"tdb-title-text\">Sample Page Title<\/h1><div><\/div><div class=\"tdb-title-line\"><\/div><\/div><\/div><div class=\"td_block_wrap tdb_breadcrumbs tdi_8 td-pb-border-top td_block_template_1 tdb-breadcrumbs \"  data-td-block-uid=\"tdi_8\" >\n<style>\n\/* custom css *\/\n.tdb-breadcrumbs{\r\n                  margin-bottom: 11px;\r\n                  font-family: 'Open Sans', 'Open Sans Regular', sans-serif;\r\n                  font-size: 12px;\r\n                  color: #747474;\r\n                  line-height: 18px;\r\n                }.tdb-breadcrumbs a{\r\n                  color: #747474;\r\n                }.tdb-breadcrumbs a:hover{\r\n                  color: #000;\r\n                }.tdb-breadcrumbs .tdb-bread-sep{\r\n                  line-height: 1;\r\n                  vertical-align: middle;\r\n                }.tdb-breadcrumbs .tdb-bread-sep-svg svg{\r\n                  height: auto;\r\n                }.tdb-breadcrumbs .tdb-bread-sep-svg svg,\r\n                .tdb-breadcrumbs .tdb-bread-sep-svg svg *{\r\n                  fill: #c3c3c3;\r\n                }.single-tdb_templates.author-template .tdb_breadcrumbs{\r\n                  margin-bottom: 2px;\r\n                }.tdb_category_breadcrumbs{\r\n                  margin: 21px 0 9px;\r\n                }.search-results .tdb_breadcrumbs{\r\n                  margin-bottom: 2px;\r\n                }.tdi_8 .tdb-bread-sep{\r\n                    font-size: 8px;\r\n                \r\n                    margin: 0 5px;\r\n                }.td-theme-wrap .tdi_8{\r\n\t\t\t\t\ttext-align: center;\r\n\t\t\t\t}.tdi_8{\r\n\t\t\t\t\tfont-family:Barlow !important;\r\n\t\t\t\t}\n<\/style><div class=\"tdb-block-inner td-fix-index\"><span><a title=\"\" class=\"tdb-entry-crumb\" href=\"http:\/\/www.researchturkey.org\/tr\/\">Ana Sayfa<\/a><\/span><i class=\"tdb-bread-sep tdb-bred-no-url-last td-icon-right\"><\/i><span class=\"tdb-bred-no-url-last\">Sample Page<\/span><\/div><\/div><script type=\"application\/ld+json\">\r\n                        {\r\n                            \"@context\": \"http:\/\/schema.org\",\r\n                            \"@type\": \"BreadcrumbList\",\r\n                            \"itemListElement\": [{\r\n                            \"@type\": \"ListItem\",\r\n                            \"position\": 1,\r\n                                \"item\": {\r\n                                \"@type\": \"WebSite\",\r\n                                \"@id\": \"http:\/\/www.researchturkey.org\/tr\/\/\",\r\n                                \"name\": \"Ana Sayfa\"                                               \r\n                            }\r\n                        },{\r\n                            \"@type\": \"ListItem\",\r\n                            \"position\": 2,\r\n                                \"item\": {\r\n                                \"@type\": \"WebPage\",\r\n                                \"@id\": \"\",\r\n                                \"name\": \"Sample Page\"\r\n                            }\r\n                        }    ]\r\n                        }\r\n                       <\/script><\/div><\/div><\/div><\/div><div id=\"tdi_9\" class=\"tdc-row\"><div class=\"vc_row tdi_10  wpb_row td-pb-row tdc-element-style\" >\n<style scoped>\n\n\/* custom css *\/\n.tdi_10,\r\n                .tdi_10 .tdc-columns{\r\n                    min-height: 0;\r\n                }.tdi_10,\r\n\t\t\t\t.tdi_10 .tdc-columns{\r\n\t\t\t\t    display: block;\r\n\t\t\t\t}.tdi_10 .tdc-columns{\r\n\t\t\t\t    width: 100%;\r\n\t\t\t\t}@media (min-width: 768px) {\r\n\t                .tdi_10 {\r\n\t                    margin-left: -10px;\r\n\t                    margin-right: -10px;\r\n\t                }\r\n\t                .tdi_10 .tdc-row-video-background-error,\r\n\t                .tdi_10 .vc_column {\r\n\t                    padding-left: 10px;\r\n\t                    padding-right: 10px;\r\n\t                }\r\n                }\n\/* inline tdc_css att *\/\n\n.tdi_10{\nmargin-top:-50px !important;\nmargin-bottom:100px !important;\npadding-top:40px !important;\npadding-right:40px20px !important;\npadding-bottom:40px !important;\npadding-left:40px !important;\nbox-shadow:0 10px 20px rgba(10,0,0,0.11) !important;\nposition:relative;\n}\n\n.tdi_10 .td_block_wrap{ text-align:left }\n\n<\/style>\n<div class=\"tdi_9_rand_style td-element-style\" ><style>\n.tdi_9_rand_style{\nbackground-color:#ffffff !important;\n}\n <\/style><\/div><div class=\"vc_column tdi_12  wpb_column vc_column_container tdc-column td-pb-span9\">\n<style scoped>\n\n\/* custom css *\/\n.tdi_12{\r\n                    vertical-align: baseline;\r\n                }.tdi_12 > .wpb_wrapper,\r\n\t\t\t\t.tdi_12 > .wpb_wrapper > .tdc-elements{\r\n\t\t\t\t    display: block;\r\n\t\t\t\t}.tdi_12 > .wpb_wrapper > .tdc-elements{\r\n\t\t\t\t    width: 100%;\r\n\t\t\t\t}.tdi_12 > .wpb_wrapper > .vc_row_inner{\r\n\t\t\t\t    width: auto;\r\n\t\t\t\t}.tdi_12 > .wpb_wrapper{\r\n\t\t\t\t    width: auto;\r\n\t\t\t\t    height: auto;\r\n\t\t\t\t}\n\/* inline tdc_css att *\/\n\n.tdi_12{\npadding-right:20px !important;\nwidth:70% !important;\n}\n\n<\/style><div class=\"wpb_wrapper\"><div class=\"wpb_wrapper wpb_text_column td_block_wrap td_block_wrap vc_column_text tdi_13 comptext tagdiv-type td-pb-border-top td_block_template_1\"  data-td-block-uid=\"tdi_13\" >\n<style>\n\/* custom css *\/\n.tdi_13,\r\n                .tdi_13 p{\r\n\t\t\t        font-family:Work Sans !important;\r\n\t\t        }.tdi_13 blockquote p{\r\n\t\t\t        font-family:Work Sans !important;font-size:16px !important;line-height:1.5 !important;font-style:normal !important;font-weight:600 !important;text-transform:none !important;\r\n\t\t        }\n<\/style><div class=\"td-block-title-wrap\"><\/div><div class=\"td-fix-index\"><p>Adres:<\/p>\n<p>Law Street,<br \/>\n14, Chilham House<br \/>\nSouthwark<br \/>\nSE1 4EA \u2013 Londra<br \/>\nBirle\u015fik Krall\u0131k<\/p>\n<p>Telefon: <span lang=\"EN-GB\">+44 (0) 79 5666 9620\u00a0<\/span>\u00a0\u2013 Pazartesi \u2013 Cuma 09:00 \u2013 17:30<\/p>\n<p>Genel soru ve g\u00f6r\u00fc\u015fleriniz ile ilgili\u00a0<a href=\"mailto:info@researchturkey.org\">info@researchturkey.org<\/a><\/p>\n<p>Makale g\u00f6nderimi ile ilgili\u00a0<a href=\"mailto:editor@researchturkey.org\">editor@researchturkey.org<\/a><\/p>\n<p>Web sitesi i\u00e7eri\u011fi ve y\u00f6netimi ile ilgili <a href=\"mailto:admin@researchturkey.org\">admin@researchturkey.org<\/a><\/p>\n<\/div><\/div><\/div><\/div><div class=\"vc_column tdi_15  wpb_column vc_column_container tdc-column td-pb-span3 td-is-sticky\">\n<style scoped>\n\n\/* custom css *\/\n.tdi_15{\r\n                    vertical-align: baseline;\r\n                }.tdi_15 > .wpb_wrapper,\r\n\t\t\t\t.tdi_15 > .wpb_wrapper > .tdc-elements{\r\n\t\t\t\t    display: block;\r\n\t\t\t\t}.tdi_15 > .wpb_wrapper > .tdc-elements{\r\n\t\t\t\t    width: 100%;\r\n\t\t\t\t}.tdi_15 > .wpb_wrapper > .vc_row_inner{\r\n\t\t\t\t    width: auto;\r\n\t\t\t\t}.tdi_15 > .wpb_wrapper{\r\n\t\t\t\t    width: auto;\r\n\t\t\t\t    height: auto;\r\n\t\t\t\t}\n\/* inline tdc_css att *\/\n\n.tdi_15{\nmargin-top:80px !important;\nwidth:30% !important;\n}\n\n<\/style><div class=\"wpb_wrapper\"><div class=\"td_block_wrap td-a-rec td-a-rec-id-custom-spot td-a-rec-img tdi_16 td_block_template_1\">\n<style>\n\n\/* inline tdc_css att *\/\n\n.tdi_16{\nmargin-bottom:35px !important;\n}\n\n<\/style>\n<style>\n\/* custom css *\/\n.tdi_16.td-a-rec{\r\n\t\t\t\t\ttext-align: center;\r\n\t\t\t\t}.tdi_16 .td-element-style{\r\n\t\t\t\t\tz-index: -1;\r\n\t\t\t\t}.tdi_16 .td-spot-id-spot_img_hidden{\r\n                    display: none;\r\n                }.tdi_16 .td-adspot-title{\r\n                    display: block;\r\n                }@media (max-width: 767px) {\r\n                    .tdi_16 .td_spot_img_all {\r\n                        display: none;\r\n                    }\r\n                    .tdi_16 .td-adspot-title {\r\n                        display: block;\r\n                    }\r\n\t\t\t\t}\n<\/style><div style=\"display: inline-block\"><a href=\"https:\/\/www.rptjournal.org\" target=\"blank\"  rel=\"noopener\"  class=\"td_spot_img_all\"><img decoding=\"async\" src=\"http:\/\/www.researchturkey.org\/wp-content\/uploads\/2022\/03\/rptjournal.jpeg\"  alt=\"spot_img\" \/><\/a><a href=\"https:\/\/www.rptjournal.org\" target=\"blank\"  rel=\"noopener\"  class=\"td_spot_img_mob\"><img decoding=\"async\" src=\"http:\/\/www.researchturkey.org\/wp-content\/uploads\/2022\/03\/rec-sb@2x.jpg\"  alt=\"spot_img\" \/><\/a><\/div><\/div><div class=\"td_block_wrap tds_leads tdi_17  td_block_template_1\"  data-td-block-uid=\"tdi_17\" >\n<style>\n\n\/* inline tdc_css att *\/\n\n.tdi_17{\nmargin-bottom:0px !important;\n}\n\n<\/style>\n<style>\n\/* custom css *\/\n.tds_leads .tds-title{\r\n                    margin-top: 0;\r\n                    margin-bottom: 20px;\r\n                    font-size: 22px;\r\n                    line-height: 1.4; \r\n                    font-weight: 600; \r\n                }.tds_leads .tds-info:not(:empty){\r\n                    margin-bottom: 16px; \r\n                }.tds_leads .tds-messages{\r\n                    padding: 8px 12px;\r\n                    font-size: 12px;\r\n                    line-height: 1.4;\r\n                    color: #fff;\r\n                    border-radius: 3px;\r\n                    transition: opacity .2s ease-in-out;\r\n                }.tds_leads .tds-messages:not(:last-child){\r\n                    margin-bottom: .4em;\r\n                }.tds_leads .tds-messages-hiding{\r\n                    opacity: 0;\r\n                }.tds_leads .tds-messages-error{\r\n                    background-color: #ec4d4d;\r\n                }.tds_leads .tds-messages-success{\r\n                    background-color: #6bc16f;\r\n                }.tds_leads .tds-message:not(:last-child){\r\n                    margin-bottom: .4em;\r\n                }.tds_leads .tds-email-bar{\r\n                    display: flex;\r\n                }.tds_leads .tds-input-wrap{\r\n                    display: flex;\r\n                    align-items: center;\r\n                    flex: 1;\r\n                }.tds_leads .tds-input{\r\n                    height: 100%;\r\n                    padding: 12px 15px;\r\n                    line-height: 1;\r\n                    border-width: 1px 0 1px 1px;\r\n                }.tds_leads .tds-unsubscribe-txt{\r\n                    width: 100%;\r\n                    font-size: 13px;\r\n                    line-height: 1.4;\r\n                }.tds_leads .tds-submit-btn{\r\n                    -webkit-appearance: none;\r\n                    display: flex;\r\n                    align-items: center;\r\n                    width: 100%;\r\n                    padding: 15px;\r\n                    background-color: #4db2ec;\r\n                    font-size: 13px;\r\n                    line-height: 1;\r\n                    color: #fff;\r\n                    border-width: 0;\r\n                    border-style: solid;\r\n                    border-color: #000;\r\n                    -webkit-transition: all 0.3s ease;\r\n                    transition: all 0.3s ease;\r\n                    outline: none;\r\n                }.tds_leads .tds-input-wrap + .tds-submit-btn{\r\n                    width: auto;\r\n                }.tds_leads .tds-submit-btn:hover{\r\n                    background-color: #222;\r\n                }.tds_leads .tds-submit-btn-icon{\r\n                    position: relative;\r\n                }.tds_leads i.tds-submit-btn-icon{\r\n                    font-size: 15px;\r\n                    color: #fff;\r\n                }.tds_leads .tds-submit-btn-icon-svg{\r\n                    width: 15px;\r\n                    height: auto;\r\n                }.tds_leads .tds-submit-btn-icon-svg svg{\r\n                    display: block;\r\n                    fill: #fff;\r\n                    -webkit-transition: all 0.3s ease;\r\n                    transition: all 0.3s ease;\r\n                }.tds_leads .tds-checkbox{\r\n                    margin-top: 16px;\r\n                    line-height: 1;\r\n                }.tds_leads .tds-checkbox input{\r\n                    display: none;\r\n                }.tds_leads .tds-checkbox label{\r\n                    display: flex;\r\n                    align-items: center;\r\n                    margin-bottom: 0;\r\n                    cursor: pointer;\r\n                }.tds_leads .tds-check{\r\n                    position: relative;\r\n                    width: 1em;\r\n                    height: 1em;\r\n                    margin-right: 8px;\r\n                    background-color: #fff;\r\n                    cursor: pointer;\r\n                    border: 1px solid #ccc;\r\n                    transition: all .3s ease-in-out;\r\n                    flex-shrink: 0;\r\n                }.tds_leads .tds-check:after{\r\n                    content: '';\r\n                    position: absolute;\r\n                    top: 50%;\r\n                    left: 50%;\r\n                    transform: translate(-50%, -50%);\r\n                    width: 0.5em;\r\n                    height: 0.5em;\r\n                    background-color: #4db2ec;\r\n                    opacity: 0;\r\n                    transition: all .3s ease;\r\n                    pointer-events: none;\r\n                }.tds_leads .tds-checkbox input:checked + label .tds-check:after{\r\n                    opacity: 1;\r\n                }.tds_leads .tds-check-title{\r\n                    margin-top: -1px;\r\n                    user-select: none;\r\n                    -webkit-user-select: none;\r\n                    font-size: 11px;\r\n                    color: #444;\r\n                }.tds_leads .tds-check-title a:hover{\r\n                    color: #222;\r\n                }body .tdi_17 .tds-title{\r\n                    margin-bottom: 18px;\r\n                \r\n                    font-family:Work Sans !important;font-size:24px !important;line-height:1 !important;font-weight:700 !important;letter-spacing:-1px !important;\r\n                }body .tdi_17 .tds-messages-success{\r\n                    border-radius: 2px;\r\n                }body .tdi_17 .tds-email-bar{\r\n                    flex-direction: column;\r\n                }body .tdi_17 .tds-input-wrap{\r\n                    margin: 0 0 5px;\r\n                }body .tdi_17 .tds-input-wrap + .tds-submit-btn{\r\n                    margin: 5px 0 0;\r\n                }body .tdi_17 .tds-input{\r\n                    padding: 15px 10px;\r\n                \r\n                    border-width: 1px;\r\n                \r\n                    border-style: solid;\r\n                \r\n                    border-radius: 3px;\r\n                \r\n                    font-family:Work Sans !important;font-size:14px !important;line-height:1.2 !important;font-weight:500 !important;\r\n                }body .tdi_17 .tds-unsubscribe-txt{\r\n                    text-align: left;\r\n                }body .tdi_17 i.tds-submit-btn-icon{\r\n                    font-size: 19px;\r\n                }body .tdi_17 .tds-submit-btn-icon-svg{\r\n                    width: 19px;\r\n                }body .tdi_17 .tds-submit-btn-icon{\r\n                    margin-left: 5px;\r\n                \r\n                    top: 0px;\r\n                }body .tdi_17 .tds-submit-btn{\r\n                    border-radius: 3px;\r\n                \r\n                    justify-content: center;\r\n                \r\n                    background-color: #ec3535;\r\n                \r\n                    font-family:Work Sans !important;font-size:13px !important;line-height:1.2 !important;font-weight:700 !important;text-transform:uppercase !important;\r\n                }body .tdi_17 .tds-checkbox label{\r\n                    font-size: 16px;\r\n                }body .tdi_17 .tds-submit-btn:hover{\r\n                    background-color: #c11f1f;\r\n                }body .tdi_17 .tds-check-title{\r\n                    color: #000000;\r\n                \r\n                    font-family:Work Sans !important;font-size:13px !important;line-height:1.2 !important;\r\n                }body .tdi_17 .tds-check-title a{\r\n                    color: #ec3535;\r\n                }body .tdi_17 .tds-check-title a:hover{\r\n                    color: #c11f1f;\r\n                }body .tdi_17 .tds-message{\r\n                    font-family:Work Sans !important;font-size:13px !important;line-height:1.4 !important;font-weight:600 !important;\r\n                }\n\n\/* landscape *\/\n@media (min-width: 1019px) and (max-width: 1140px){\nbody .tdi_17 .tds-title{\r\n                    margin-bottom: 14px;\r\n                \r\n                    font-family:Work Sans !important;font-size:22px !important;line-height:1 !important;font-weight:700 !important;letter-spacing:-1px !important;\r\n                }body .tdi_17 .tds-info:not(:empty){\r\n                    margin: 0 0 12px;\r\n                }body .tdi_17 .tds-input{\r\n                    padding: 12px 8px;\r\n                \r\n                    font-family:Work Sans !important;font-size:13px !important;line-height:1.2 !important;font-weight:500 !important;\r\n                }body .tdi_17 i.tds-submit-btn-icon{\r\n                    font-size: 17px;\r\n                }body .tdi_17 .tds-submit-btn-icon-svg{\r\n                    width: 17px;\r\n                }body .tdi_17 .tds-submit-btn{\r\n                    padding: 12px;\r\n                \r\n                    font-family:Work Sans !important;font-size:12px !important;line-height:1.2 !important;font-weight:700 !important;text-transform:uppercase !important;\r\n                }body .tdi_17 .tds-check-title{\r\n                    font-family:Work Sans !important;font-size:12px !important;line-height:1.2 !important;\r\n                }\n}\n\n\/* portrait *\/\n@media (min-width: 768px) and (max-width: 1018px){\nbody .tdi_17 .tds-title{\r\n                    margin-bottom: 12px;\r\n                \r\n                    font-family:Work Sans !important;font-size:20px !important;line-height:1 !important;font-weight:700 !important;letter-spacing:-1px !important;\r\n                }body .tdi_17 .tds-messages{\r\n                    padding: 6px 10px;\r\n                }body .tdi_17 .tds-input{\r\n                    padding: 10px 6px;\r\n                \r\n                    font-family:Work Sans !important;font-size:12px !important;line-height:1.2 !important;font-weight:500 !important;\r\n                }body .tdi_17 i.tds-submit-btn-icon{\r\n                    font-size: 15px;\r\n                }body .tdi_17 .tds-submit-btn-icon-svg{\r\n                    width: 15px;\r\n                }body .tdi_17 .tds-submit-btn-icon{\r\n                    margin-left: 3px;\r\n                }body .tdi_17 .tds-submit-btn{\r\n                    padding: 10px;\r\n                \r\n                    font-family:Work Sans !important;font-size:11px !important;line-height:1.2 !important;font-weight:700 !important;text-transform:uppercase !important;\r\n                }body .tdi_17 .tds-message{\r\n                    font-family:Work Sans !important;font-size:12px !important;line-height:1.4 !important;font-weight:600 !important;\r\n                }body .tdi_17 .tds-check-title{\r\n                    font-family:Work Sans !important;font-size:11px !important;line-height:1.2 !important;\r\n                }\n}\n\n\/* phone *\/\n@media (max-width: 767px){\n\n}\n<\/style><div class=\"tds-block-inner td-fix-index\"><h3 class=\"tds-title\">Subscribe<\/h3><div class=\"tds-info\"><\/div><form class=\"tds-form\" action=\"\" method=\"post\" name=\"\"><input type=\"hidden\" name=\"list\" value=\"3\"><input type=\"hidden\" name=\"double_opt_in\" value=\"\"><input type=\"url\" name=\"rdr_url\" value=\"\" style=\"display: none;\"><div class=\"tds-email-bar\"><div class=\"tds-input-wrap\"><input type=\"hidden\"id=\"g-recaptcha-response-leads\" name=\"g-recaptcha-response\" data-sitekey=\"6LcNpVIgAAAAANH_IsQCPsyhM0SBhyffkfvKGWWf\"><input type=\"hidden\" name=\"action\" value=\"validate_captcha\"><input class=\"tds-input\" type=\"email\" name=\"email\" aria-label=\"email\" placeholder=\"Email address\" required><\/div><button class=\"tds-submit-btn\" type=\"submit\" name=\"tds-subscribe\">I want in<i class=\"tds-submit-btn-icon tdc-font-tdmp tdc-font-tdmp-arrow-right\"><\/i><\/button><\/div><div class=\"tds-checkbox\"><input id=\"pp_checkbox_tdi_17\" class=\"\" name=\"\" value=\"Y\" type=\"checkbox\"><label class=\"checkbox subfield\" for=\"pp_checkbox_tdi_17\"><span class=\"tds-check\"><\/span><span class=\"tds-check-title\">I've read and accept the <a href=\"#\">Privacy Policy<\/a>.<\/span><\/label><\/div><\/form><\/div><\/div><\/div><\/div><\/div><\/div><\/div><\/div>","protected":false},"excerpt":{"rendered":"","protected":false},"author":1,"featured_media":0,"parent":0,"menu_order":0,"comment_status":"closed","ping_status":"closed","template":"","meta":{"footnotes":""},"_links":{"self":[{"href":"http:\/\/www.researchturkey.org\/tr\/wp-json\/wp\/v2\/pages\/8475"}],"collection":[{"href":"http:\/\/www.researchturkey.org\/tr\/wp-json\/wp\/v2\/pages"}],"about":[{"href":"http:\/\/www.researchturkey.org\/tr\/wp-json\/wp\/v2\/types\/page"}],"author":[{"embeddable":true,"href":"http:\/\/www.researchturkey.org\/tr\/wp-json\/wp\/v2\/users\/1"}],"replies":[{"embeddable":true,"href":"http:\/\/www.researchturkey.org\/tr\/wp-json\/wp\/v2\/comments?post=8475"}],"version-history":[{"count":1,"href":"http:\/\/www.researchturkey.org\/tr\/wp-json\/wp\/v2\/pages\/8475\/revisions"}],"predecessor-version":[{"id":8476,"href":"http:\/\/www.researchturkey.org\/tr\/wp-json\/wp\/v2\/pages\/8475\/revisions\/8476"}],"wp:attachment":[{"href":"http:\/\/www.researchturkey.org\/tr\/wp-json\/wp\/v2\/media?parent=8475"}],"curies":[{"name":"wp","href":"https:\/\/api.w.org\/{rel}","templated":true}]}}